{"id":606,"date":"2025-07-07T15:31:28","date_gmt":"2025-07-07T15:31:28","guid":{"rendered":"https:\/\/cwnet.pt\/projetos\/agarradosanet\/?page_id=606"},"modified":"2025-10-16T22:19:40","modified_gmt":"2025-10-16T22:19:40","slug":"bem-vindo","status":"publish","type":"page","link":"https:\/\/agarradosa.net\/","title":{"rendered":"Bem Vindo"},"content":{"rendered":"\t\t<div data-elementor-type=\"wp-post\" data-elementor-id=\"606\" class=\"elementor elementor-606\">\n\t\t\t\t\t\t<section class=\"elementor-section elementor-top-section elementor-element elementor-element-d311de0 elementor-section-boxed elementor-section-height-default elementor-section-height-default wpr-particle-no wpr-jarallax-no wpr-parallax-no wpr-sticky-section-no\" data-id=\"d311de0\" data-element_type=\"section\">\n\t\t\t\t\t\t<div class=\"elementor-container elementor-column-gap-default\">\n\t\t\t\t\t<div class=\"elementor-column elementor-col-100 elementor-top-column elementor-element elementor-element-b9378f8\" data-id=\"b9378f8\" data-element_type=\"column\">\n\t\t\t<div class=\"elementor-widget-wrap elementor-element-populated\">\n\t\t\t\t\t\t<section class=\"elementor-section elementor-inner-section elementor-element elementor-element-5527ab2 elementor-section-boxed elementor-section-height-default elementor-section-height-default wpr-particle-no wpr-jarallax-no wpr-parallax-no wpr-sticky-section-no\" data-id=\"5527ab2\" data-element_type=\"section\">\n\t\t\t\t\t\t<div class=\"elementor-container elementor-column-gap-default\">\n\t\t\t\t\t<div class=\"elementor-column elementor-col-50 elementor-inner-column elementor-element elementor-element-544697f\" data-id=\"544697f\" data-element_type=\"column\">\n\t\t\t<div class=\"elementor-widget-wrap elementor-element-populated\">\n\t\t\t\t\t\t<div class=\"elementor-element elementor-element-6c138e0 elementor-widget elementor-widget-image\" data-id=\"6c138e0\" data-element_type=\"widget\" data-widget_type=\"image.default\">\n\t\t\t\t<div class=\"elementor-widget-container\">\n\t\t\t\t\t\t\t\t\t\t\t\t\t\t\t<img fetchpriority=\"high\" decoding=\"async\" width=\"800\" height=\"252\" src=\"https:\/\/agarradosa.net\/wp-content\/uploads\/2023\/03\/Cor-1024x323.png\" class=\"attachment-large size-large wp-image-6\" alt=\"\" srcset=\"https:\/\/agarradosa.net\/wp-content\/uploads\/2023\/03\/Cor-1024x323.png 1024w, https:\/\/agarradosa.net\/wp-content\/uploads\/2023\/03\/Cor-300x95.png 300w, https:\/\/agarradosa.net\/wp-content\/uploads\/2023\/03\/Cor-768x242.png 768w, https:\/\/agarradosa.net\/wp-content\/uploads\/2023\/03\/Cor-1536x485.png 1536w, https:\/\/agarradosa.net\/wp-content\/uploads\/2023\/03\/Cor-2048x646.png 2048w\" sizes=\"(max-width: 800px) 100vw, 800px\" \/>\t\t\t\t\t\t\t\t\t\t\t\t\t\t\t<\/div>\n\t\t\t\t<\/div>\n\t\t\t\t\t<\/div>\n\t\t<\/div>\n\t\t\t\t<div class=\"elementor-column elementor-col-50 elementor-inner-column elementor-element elementor-element-97e9710\" data-id=\"97e9710\" data-element_type=\"column\">\n\t\t\t<div class=\"elementor-widget-wrap elementor-element-populated\">\n\t\t\t\t\t\t<div class=\"elementor-element elementor-element-ce53369 wpr-main-menu-align-right wpr-main-menu-align--tabletleft wpr-main-menu-align--mobileleft wpr-pointer-underline wpr-pointer-line-fx wpr-pointer-fx-fade wpr-sub-icon-caret-down wpr-sub-menu-fx-fade wpr-nav-menu-bp-mobile wpr-mobile-menu-full-width wpr-mobile-menu-item-align-center wpr-mobile-toggle-v1 wpr-sub-divider-yes wpr-mobile-divider-yes elementor-widget elementor-widget-wpr-nav-menu\" data-id=\"ce53369\" data-element_type=\"widget\" data-settings=\"{&quot;menu_layout&quot;:&quot;horizontal&quot;}\" data-widget_type=\"wpr-nav-menu.default\">\n\t\t\t\t<div class=\"elementor-widget-container\">\n\t\t\t\t\t<nav class=\"wpr-nav-menu-container wpr-nav-menu-horizontal\" data-trigger=\"hover\"><ul id=\"menu-1-ce53369\" class=\"wpr-nav-menu\"><li class=\"menu-item menu-item-type-custom menu-item-object-custom menu-item-622\"><a href=\"https:\/\/www.bemestardigital.pt\/\" class=\"wpr-menu-item wpr-pointer-item\">SBED<\/a><\/li>\n<li class=\"menu-item menu-item-type-custom menu-item-object-custom menu-item-621\"><a href=\"https:\/\/cyberbullying.pt\/\" class=\"wpr-menu-item wpr-pointer-item\">Cyberbullying<\/a><\/li>\n<li class=\"menu-item menu-item-type-custom menu-item-object-custom menu-item-623\"><a href=\"https:\/\/supersearchers.pt\/\" class=\"wpr-menu-item wpr-pointer-item\">Super Searchers<\/a><\/li>\n<li class=\"menu-item menu-item-type-post_type menu-item-object-page menu-item-632\"><a href=\"https:\/\/agarradosa.net\/index.php\/contactos\/\" class=\"wpr-menu-item wpr-pointer-item\">Contactos<\/a><\/li>\n<\/ul><\/nav><nav class=\"wpr-mobile-nav-menu-container\"><div class=\"wpr-mobile-toggle-wrap\"><div class=\"wpr-mobile-toggle\"><span class=\"wpr-mobile-toggle-line\"><\/span><span class=\"wpr-mobile-toggle-line\"><\/span><span class=\"wpr-mobile-toggle-line\"><\/span><\/div><\/div><ul id=\"mobile-menu-2-ce53369\" class=\"wpr-mobile-nav-menu\"><li class=\"menu-item menu-item-type-custom menu-item-object-custom menu-item-622\"><a href=\"https:\/\/www.bemestardigital.pt\/\" class=\"wpr-mobile-menu-item\">SBED<\/a><\/li>\n<li class=\"menu-item menu-item-type-custom menu-item-object-custom menu-item-621\"><a href=\"https:\/\/cyberbullying.pt\/\" class=\"wpr-mobile-menu-item\">Cyberbullying<\/a><\/li>\n<li class=\"menu-item menu-item-type-custom menu-item-object-custom menu-item-623\"><a href=\"https:\/\/supersearchers.pt\/\" class=\"wpr-mobile-menu-item\">Super Searchers<\/a><\/li>\n<li class=\"menu-item menu-item-type-post_type menu-item-object-page menu-item-632\"><a href=\"https:\/\/agarradosa.net\/index.php\/contactos\/\" class=\"wpr-mobile-menu-item\">Contactos<\/a><\/li>\n<\/ul><\/nav>\t\t\t\t<\/div>\n\t\t\t\t<\/div>\n\t\t\t\t\t<\/div>\n\t\t<\/div>\n\t\t\t\t\t<\/div>\n\t\t<\/section>\n\t\t\t\t\t<\/div>\n\t\t<\/div>\n\t\t\t\t\t<\/div>\n\t\t<\/section>\n\t\t\t\t<section class=\"elementor-section elementor-top-section elementor-element elementor-element-bf7defb elementor-section-height-min-height elementor-section-boxed elementor-section-height-default elementor-section-items-middle wpr-particle-no wpr-jarallax-no wpr-parallax-no wpr-sticky-section-no\" data-id=\"bf7defb\" data-element_type=\"section\" data-settings=\"{&quot;background_background&quot;:&quot;classic&quot;}\">\n\t\t\t\t\t\t<div class=\"elementor-container elementor-column-gap-default\">\n\t\t\t\t\t<div class=\"elementor-column elementor-col-50 elementor-top-column elementor-element elementor-element-7f6b790\" data-id=\"7f6b790\" data-element_type=\"column\">\n\t\t\t<div class=\"elementor-widget-wrap elementor-element-populated\">\n\t\t\t\t\t\t<div class=\"elementor-element elementor-element-b927560 elementor-widget elementor-widget-text-editor\" data-id=\"b927560\" data-element_type=\"widget\" data-widget_type=\"text-editor.default\">\n\t\t\t\t<div class=\"elementor-widget-container\">\n\t\t\t\t\t\t\t\t\t<h2>Trazemos-te informa\u00e7\u00e3o e forma\u00e7\u00e3o para melhorares o bem-estar digital de toda a tua fam\u00edlia, bem como das crian\u00e7as e jovens com quem trabalhas.<\/h2>\t\t\t\t\t\t\t\t<\/div>\n\t\t\t\t<\/div>\n\t\t\t\t\t<\/div>\n\t\t<\/div>\n\t\t\t\t<div class=\"elementor-column elementor-col-50 elementor-top-column elementor-element elementor-element-801639c\" data-id=\"801639c\" data-element_type=\"column\">\n\t\t\t<div class=\"elementor-widget-wrap\">\n\t\t\t\t\t\t\t<\/div>\n\t\t<\/div>\n\t\t\t\t\t<\/div>\n\t\t<\/section>\n\t\t\t\t<section class=\"elementor-section elementor-top-section elementor-element elementor-element-b58bc2b elementor-section-boxed elementor-section-height-default elementor-section-height-default wpr-particle-no wpr-jarallax-no wpr-parallax-no wpr-sticky-section-no\" data-id=\"b58bc2b\" data-element_type=\"section\">\n\t\t\t\t\t\t<div class=\"elementor-container elementor-column-gap-default\">\n\t\t\t\t\t<div class=\"elementor-column elementor-col-100 elementor-top-column elementor-element elementor-element-79f7831\" data-id=\"79f7831\" data-element_type=\"column\">\n\t\t\t<div class=\"elementor-widget-wrap elementor-element-populated\">\n\t\t\t\t\t\t<div class=\"elementor-element elementor-element-2ef7c3a elementor-widget elementor-widget-text-editor\" data-id=\"2ef7c3a\" data-element_type=\"widget\" data-widget_type=\"text-editor.default\">\n\t\t\t\t<div class=\"elementor-widget-container\">\n\t\t\t\t\t\t\t\t\t<p>Capitalizando mais de 20 anos de experi\u00eancia do projeto MiudosSegurosNa.Net, o projeto Agarrados a Net surge em 2021 como uma<em> joint venture<\/em> entre MiudosSegurosNa.Net e Cristiane Miranda &#8211; Coach, visando a promo\u00e7\u00e3o do bem-estar digital de crian\u00e7as, jovens e adultos, ajudando fam\u00edlias, escolas e comunidades na:<\/p><ol><li>Preven\u00e7\u00e3o do uso excessivo ou problem\u00e1tico dos ecr\u00e3s<\/li><li>Preven\u00e7\u00e3o e combate ao [cyber]bullying<\/li><li>Redu\u00e7\u00e3o dos impactos negativos das redes sociais na imagem corporal<\/li><li>Preven\u00e7\u00e3o da viol\u00eancia sexual baseada em imagens, do grooming online (aliciamento sexual de crian\u00e7as online) \u00e0 partilha n\u00e3o consentida de conte\u00fados \u00edntimos, passando pela coa\u00e7\u00e3o e extors\u00e3o sexual online<\/li><li>Preven\u00e7\u00e3o dos desafios virais perigosos<\/li><li>Redu\u00e7\u00e3o dos impactos negativos da pegada digital<\/li><\/ol><p>Transversalmente a estas tem\u00e1ticas promovemos a parentalidade digital positiva.<\/p><p>Se nos queres ter na tua escola ou comunidade, manda-nos um email para <a href=\"mailto:info@agarradosa.net\">info@agarradosa.net<\/a>.<\/p><h4>Se queres ser dos primeiros a saber as novidades, s\u00f3 tens de nos dizer aqui:<\/h4>\t\t\t\t\t\t\t\t<\/div>\n\t\t\t\t<\/div>\n\t\t\t\t<div class=\"elementor-element elementor-element-4aaba87 elementor-widget elementor-widget-html\" data-id=\"4aaba87\" data-element_type=\"widget\" data-widget_type=\"html.default\">\n\t\t\t\t<div class=\"elementor-widget-container\">\n\t\t\t\t\t<iframe src=\"https:\/\/22.e-goi.com\/w\/2e2e6yPDebmFoKSN98ef-43db75\" width=\"650\" height=\"780\" style=\"border: 0 none;\"><\/iframe>\t\t\t\t<\/div>\n\t\t\t\t<\/div>\n\t\t\t\t\t<\/div>\n\t\t<\/div>\n\t\t\t\t\t<\/div>\n\t\t<\/section>\n\t\t\t\t<section class=\"elementor-section elementor-top-section elementor-element elementor-element-744ae7b elementor-section-boxed elementor-section-height-default elementor-section-height-default wpr-particle-no wpr-jarallax-no wpr-parallax-no wpr-sticky-section-no\" data-id=\"744ae7b\" data-element_type=\"section\">\n\t\t\t\t\t\t<div class=\"elementor-container elementor-column-gap-default\">\n\t\t\t\t\t<div class=\"elementor-column elementor-col-100 elementor-top-column elementor-element elementor-element-4be3a1b\" data-id=\"4be3a1b\" data-element_type=\"column\">\n\t\t\t<div class=\"elementor-widget-wrap\">\n\t\t\t\t\t\t\t<\/div>\n\t\t<\/div>\n\t\t\t\t\t<\/div>\n\t\t<\/section>\n\t\t\t\t<section class=\"elementor-section elementor-top-section elementor-element elementor-element-fb4e58e elementor-section-height-min-height elementor-section-boxed elementor-section-height-default elementor-section-items-middle wpr-particle-no wpr-jarallax-no wpr-parallax-no wpr-sticky-section-no\" data-id=\"fb4e58e\" data-element_type=\"section\" data-settings=\"{&quot;background_background&quot;:&quot;classic&quot;}\">\n\t\t\t\t\t\t<div class=\"elementor-container elementor-column-gap-default\">\n\t\t\t\t\t<div class=\"elementor-column elementor-col-100 elementor-top-column elementor-element elementor-element-14a2b5f\" data-id=\"14a2b5f\" data-element_type=\"column\">\n\t\t\t<div class=\"elementor-widget-wrap elementor-element-populated\">\n\t\t\t\t\t\t<section class=\"elementor-section elementor-inner-section elementor-element elementor-element-ddeb45e elementor-section-boxed elementor-section-height-default elementor-section-height-default wpr-particle-no wpr-jarallax-no wpr-parallax-no wpr-sticky-section-no\" data-id=\"ddeb45e\" data-element_type=\"section\">\n\t\t\t\t\t\t<div class=\"elementor-container elementor-column-gap-default\">\n\t\t\t\t\t<div class=\"elementor-column elementor-col-50 elementor-inner-column elementor-element elementor-element-91b5c1b\" data-id=\"91b5c1b\" data-element_type=\"column\">\n\t\t\t<div class=\"elementor-widget-wrap elementor-element-populated\">\n\t\t\t\t\t\t<div class=\"elementor-element elementor-element-27586b9 elementor-widget elementor-widget-text-editor\" data-id=\"27586b9\" data-element_type=\"widget\" data-widget_type=\"text-editor.default\">\n\t\t\t\t<div class=\"elementor-widget-container\">\n\t\t\t\t\t\t\t\t\t<h5 style=\"font-family: Roboto, sans-serif; color: #000000; text-align: center;\"><span style=\"font-weight: bold;\">Uma iniciativa conjunta de MiudosSegurosNa.Net e<br \/><\/span><span style=\"font-weight: bold;\">Cristiane Miranda &#8211; Coach<\/span><\/h5>\t\t\t\t\t\t\t\t<\/div>\n\t\t\t\t<\/div>\n\t\t\t\t\t<\/div>\n\t\t<\/div>\n\t\t\t\t<div class=\"elementor-column elementor-col-50 elementor-inner-column elementor-element elementor-element-868da06\" data-id=\"868da06\" data-element_type=\"column\">\n\t\t\t<div class=\"elementor-widget-wrap elementor-element-populated\">\n\t\t\t\t\t\t<div class=\"elementor-element elementor-element-f380ad2 elementor-widget elementor-widget-text-editor\" data-id=\"f380ad2\" data-element_type=\"widget\" data-widget_type=\"text-editor.default\">\n\t\t\t\t<div class=\"elementor-widget-container\">\n\t\t\t\t\t\t\t\t\t<h4 style=\"font-family: Roboto, sans-serif; color: #000000; text-align: center;\"><span style=\"font-weight: bold;\">Com o apoio de<br \/><\/span><span style=\"font-weight: bold;\">Google.org<\/span><\/h4>\t\t\t\t\t\t\t\t<\/div>\n\t\t\t\t<\/div>\n\t\t\t\t\t<\/div>\n\t\t<\/div>\n\t\t\t\t\t<\/div>\n\t\t<\/section>\n\t\t\t\t<section class=\"elementor-section elementor-inner-section elementor-element elementor-element-3cbafcd elementor-section-boxed elementor-section-height-default elementor-section-height-default wpr-particle-no wpr-jarallax-no wpr-parallax-no wpr-sticky-section-no\" data-id=\"3cbafcd\" data-element_type=\"section\">\n\t\t\t\t\t\t<div class=\"elementor-container elementor-column-gap-default\">\n\t\t\t\t\t<div class=\"elementor-column elementor-col-50 elementor-inner-column elementor-element elementor-element-651c5ca\" data-id=\"651c5ca\" data-element_type=\"column\">\n\t\t\t<div class=\"elementor-widget-wrap elementor-element-populated\">\n\t\t\t\t\t\t<div class=\"elementor-element elementor-element-9033c41 elementor-widget__width-initial elementor-widget elementor-widget-image\" data-id=\"9033c41\" data-element_type=\"widget\" data-widget_type=\"image.default\">\n\t\t\t\t<div class=\"elementor-widget-container\">\n\t\t\t\t\t\t\t\t\t\t\t\t\t\t\t<img decoding=\"async\" width=\"800\" height=\"566\" src=\"https:\/\/agarradosa.net\/wp-content\/uploads\/2025\/07\/miudos-preot-e-branco-1024x724.png\" class=\"attachment-large size-large wp-image-608\" alt=\"\" srcset=\"https:\/\/agarradosa.net\/wp-content\/uploads\/2025\/07\/miudos-preot-e-branco-1024x724.png 1024w, https:\/\/agarradosa.net\/wp-content\/uploads\/2025\/07\/miudos-preot-e-branco-300x212.png 300w, https:\/\/agarradosa.net\/wp-content\/uploads\/2025\/07\/miudos-preot-e-branco-768x543.png 768w, https:\/\/agarradosa.net\/wp-content\/uploads\/2025\/07\/miudos-preot-e-branco-1536x1086.png 1536w, https:\/\/agarradosa.net\/wp-content\/uploads\/2025\/07\/miudos-preot-e-branco-2048x1448.png 2048w\" sizes=\"(max-width: 800px) 100vw, 800px\" \/>\t\t\t\t\t\t\t\t\t\t\t\t\t\t\t<\/div>\n\t\t\t\t<\/div>\n\t\t\t\t<div class=\"elementor-element elementor-element-05cf67d elementor-widget__width-initial elementor-widget elementor-widget-image\" data-id=\"05cf67d\" data-element_type=\"widget\" data-widget_type=\"image.default\">\n\t\t\t\t<div class=\"elementor-widget-container\">\n\t\t\t\t\t\t\t\t\t\t\t\t\t\t\t<img decoding=\"async\" width=\"724\" height=\"708\" src=\"https:\/\/agarradosa.net\/wp-content\/uploads\/2025\/07\/cristiane2.png\" class=\"attachment-large size-large wp-image-609\" alt=\"\" srcset=\"https:\/\/agarradosa.net\/wp-content\/uploads\/2025\/07\/cristiane2.png 724w, https:\/\/agarradosa.net\/wp-content\/uploads\/2025\/07\/cristiane2-300x293.png 300w\" sizes=\"(max-width: 724px) 100vw, 724px\" \/>\t\t\t\t\t\t\t\t\t\t\t\t\t\t\t<\/div>\n\t\t\t\t<\/div>\n\t\t\t\t\t<\/div>\n\t\t<\/div>\n\t\t\t\t<div class=\"elementor-column elementor-col-50 elementor-inner-column elementor-element elementor-element-c279bc9\" data-id=\"c279bc9\" data-element_type=\"column\">\n\t\t\t<div class=\"elementor-widget-wrap elementor-element-populated\">\n\t\t\t\t\t\t<div class=\"elementor-element elementor-element-c5a7036 elementor-widget elementor-widget-image\" data-id=\"c5a7036\" data-element_type=\"widget\" data-widget_type=\"image.default\">\n\t\t\t\t<div class=\"elementor-widget-container\">\n\t\t\t\t\t\t\t\t\t\t\t\t\t\t\t<img loading=\"lazy\" decoding=\"async\" width=\"451\" height=\"112\" src=\"https:\/\/agarradosa.net\/wp-content\/uploads\/2025\/07\/google_transp.png\" class=\"attachment-large size-large wp-image-610\" alt=\"\" srcset=\"https:\/\/agarradosa.net\/wp-content\/uploads\/2025\/07\/google_transp.png 451w, https:\/\/agarradosa.net\/wp-content\/uploads\/2025\/07\/google_transp-300x75.png 300w\" sizes=\"(max-width: 451px) 100vw, 451px\" \/>\t\t\t\t\t\t\t\t\t\t\t\t\t\t\t<\/div>\n\t\t\t\t<\/div>\n\t\t\t\t\t<\/div>\n\t\t<\/div>\n\t\t\t\t\t<\/div>\n\t\t<\/section>\n\t\t\t\t<section class=\"elementor-section elementor-inner-section elementor-element elementor-element-29f361e elementor-section-boxed elementor-section-height-default elementor-section-height-default wpr-particle-no wpr-jarallax-no wpr-parallax-no wpr-sticky-section-no\" data-id=\"29f361e\" data-element_type=\"section\">\n\t\t\t\t\t\t<div class=\"elementor-container elementor-column-gap-default\">\n\t\t\t\t\t<div class=\"elementor-column elementor-col-100 elementor-inner-column elementor-element elementor-element-76b76a3\" data-id=\"76b76a3\" data-element_type=\"column\">\n\t\t\t<div class=\"elementor-widget-wrap elementor-element-populated\">\n\t\t\t\t\t\t<div class=\"elementor-element elementor-element-d2ea4b1 elementor-widget elementor-widget-text-editor\" data-id=\"d2ea4b1\" data-element_type=\"widget\" data-widget_type=\"text-editor.default\">\n\t\t\t\t<div class=\"elementor-widget-container\">\n\t\t\t\t\t\t\t\t\t<p><b>\u00a9 2025, MiudosSegurosNa.Net &amp; Cristiane Miranda &#8211; Coach. Todos os Direitos Reservados.<\/b><\/p><p>\u00a0<a href=\"https:\/\/agarradosa.net\/privacidade_PT.pdf\">Pol\u00edtica de Privacidade<\/a><\/p>\t\t\t\t\t\t\t\t<\/div>\n\t\t\t\t<\/div>\n\t\t\t\t\t<\/div>\n\t\t<\/div>\n\t\t\t\t\t<\/div>\n\t\t<\/section>\n\t\t\t\t\t<\/div>\n\t\t<\/div>\n\t\t\t\t\t<\/div>\n\t\t<\/section>\n\t\t\t\t<\/div>\n\t\t","protected":false},"excerpt":{"rendered":"<p>SBED Cyberbullying Super Searchers Contactos SBED Cyberbullying Super Searchers Contactos Trazemos-te informa\u00e7\u00e3o e forma\u00e7\u00e3o para melhorares o bem-estar digital de toda a tua fam\u00edlia, bem como das crian\u00e7as e jovens com quem trabalhas. Capitalizando mais de 20 anos de experi\u00eancia do projeto MiudosSegurosNa.Net, o projeto Agarrados a Net surge em 2021 como uma joint venture entre MiudosSegurosNa.Net e Cristiane Miranda &#8211; Coach, visando a promo\u00e7\u00e3o do bem-estar digital de crian\u00e7as, jovens e adultos, ajudando fam\u00edlias, escolas e comunidades na: Preven\u00e7\u00e3o do uso excessivo ou problem\u00e1tico dos ecr\u00e3s Preven\u00e7\u00e3o e combate ao [cyber]bullying Redu\u00e7\u00e3o dos impactos negativos das redes sociais na imagem corporal Preven\u00e7\u00e3o da viol\u00eancia sexual baseada em imagens, do grooming online (aliciamento sexual de crian\u00e7as online) \u00e0 partilha n\u00e3o consentida de conte\u00fados \u00edntimos, passando pela coa\u00e7\u00e3o e extors\u00e3o sexual online Preven\u00e7\u00e3o dos desafios virais perigosos Redu\u00e7\u00e3o dos impactos negativos da pegada digital Transversalmente a estas tem\u00e1ticas promovemos a parentalidade digital positiva. Se nos queres ter na tua escola ou comunidade, manda-nos um email para info@agarradosa.net. Se queres ser dos primeiros a saber as novidades, s\u00f3 tens de nos dizer aqui: Uma iniciativa conjunta de MiudosSegurosNa.Net eCristiane Miranda &#8211; Coach Com o apoio deGoogle.org \u00a9 2025, MiudosSegurosNa.Net &amp; Cristiane Miranda &#8211; Coach. Todos os Direitos Reservados. \u00a0Pol\u00edtica de Privacidade<\/p>\n","protected":false},"author":1,"featured_media":0,"parent":0,"menu_order":0,"comment_status":"closed","ping_status":"closed","template":"elementor_canvas","meta":{"footnotes":""},"class_list":["post-606","page","type-page","status-publish","hentry"],"_links":{"self":[{"href":"https:\/\/agarradosa.net\/index.php\/wp-json\/wp\/v2\/pages\/606","targetHints":{"allow":["GET"]}}],"collection":[{"href":"https:\/\/agarradosa.net\/index.php\/wp-json\/wp\/v2\/pages"}],"about":[{"href":"https:\/\/agarradosa.net\/index.php\/wp-json\/wp\/v2\/types\/page"}],"author":[{"embeddable":true,"href":"https:\/\/agarradosa.net\/index.php\/wp-json\/wp\/v2\/users\/1"}],"replies":[{"embeddable":true,"href":"https:\/\/agarradosa.net\/index.php\/wp-json\/wp\/v2\/comments?post=606"}],"version-history":[{"count":19,"href":"https:\/\/agarradosa.net\/index.php\/wp-json\/wp\/v2\/pages\/606\/revisions"}],"predecessor-version":[{"id":674,"href":"https:\/\/agarradosa.net\/index.php\/wp-json\/wp\/v2\/pages\/606\/revisions\/674"}],"wp:attachment":[{"href":"https:\/\/agarradosa.net\/index.php\/wp-json\/wp\/v2\/media?parent=606"}],"curies":[{"name":"wp","href":"https:\/\/api.w.org\/{rel}","templated":true}]}}